{"id":228,"date":"2021-08-24T01:03:14","date_gmt":"2021-08-24T04:03:14","guid":{"rendered":"https:\/\/mestredasreceitas.com\/ptbr\/?page_id=228"},"modified":"2024-02-12T04:23:28","modified_gmt":"2024-02-12T07:23:28","slug":"exclusao-de-dados","status":"publish","type":"page","link":"https:\/\/mestredasreceitas.com\/ptbr\/exclusao-de-dados\/","title":{"rendered":"Exclus\u00e3o de Dados"},"content":{"rendered":"<h2>Exclus\u00e3o de dados do blog <a href=\"https:\/\/mestredasreceitas.com\/ptbr\/\">Mestre das Receitas<\/a><\/h2>\n<p>O Nosso Blog n\u00e3o armazena nenhuma informa\u00e7\u00e3o dos visitantes (usu\u00e1rios), caso queria saber mais sobre como usamos os cookies e como voc\u00ea pode limpar estas informa\u00e7\u00f5es leiam nossa <a href=\"\/politica-de-privacidade\/\" rel=\"nofollow\">pol\u00edtica de privacidade<\/a>.<\/p>\n<p>Caso tenha alguma d\u00favida pode entrar em contato conosco atrav\u00e9s de nosso <a href=\"\/entre-em-contato\/\" rel=\"nofollow\">formul\u00e1rio de contato<\/a>.<\/p>\n<p style=\"text-align: center;\"><a href=\"https:\/\/mestredasreceitas.com\/ptbr\/entre-em-contato\/\"><img fetchpriority=\"high\" decoding=\"async\" class=\"aligncenter wp-image-100 size-full\" src=\"https:\/\/mestredasreceitas.com\/ptbr\/wp-content\/uploads\/2022\/03\/Entre-em-Contato.jpg\" alt=\"Entre em Contato com Mestre das Receitas - Desperte o Chef em Voc\u00ea\" width=\"1200\" height=\"628\" title=\"\"><\/a><\/p>\n<div class=\"btn-entre-em-contato\"><a href=\"\/entre-em-contato\/\" rel=\"nofollow\">Entre em contato conosco<\/a><\/div>\n<p>&nbsp;<\/p>\n","protected":false},"excerpt":{"rendered":"<p>Mestre das Receitas &#8211; Exclus\u00e3o de Dados &#8211; Nosso blog respeita estatalmente sua privacidade, n\u00e3o armazenamos dados dos usu\u00e1rios, se desejar mais informa\u00e7\u00f5es, entre em contato.<\/p>\n","protected":false},"author":1,"featured_media":4193,"parent":0,"menu_order":0,"comment_status":"closed","ping_status":"closed","template":"","meta":{"ocean_post_layout":"","ocean_both_sidebars_style":"","ocean_both_sidebars_content_width":0,"ocean_both_sidebars_sidebars_width":0,"ocean_sidebar":"0","ocean_second_sidebar":"0","ocean_disable_margins":"enable","ocean_add_body_class":"","ocean_shortcode_before_top_bar":"","ocean_shortcode_after_top_bar":"","ocean_shortcode_before_header":"","ocean_shortcode_after_header":"","ocean_has_shortcode":"","ocean_shortcode_after_title":"","ocean_shortcode_before_footer_widgets":"","ocean_shortcode_after_footer_widgets":"","ocean_shortcode_before_footer_bottom":"","ocean_shortcode_after_footer_bottom":"","ocean_display_top_bar":"default","ocean_display_header":"default","ocean_header_style":"","ocean_center_header_left_menu":"0","ocean_custom_header_template":"0","ocean_custom_logo":0,"ocean_custom_retina_logo":0,"ocean_custom_logo_max_width":0,"ocean_custom_logo_tablet_max_width":0,"ocean_custom_logo_mobile_max_width":0,"ocean_custom_logo_max_height":0,"ocean_custom_logo_tablet_max_height":0,"ocean_custom_logo_mobile_max_height":0,"ocean_header_custom_menu":"0","ocean_menu_typo_font_family":"0","ocean_menu_typo_font_subset":"","ocean_menu_typo_font_size":0,"ocean_menu_typo_font_size_tablet":0,"ocean_menu_typo_font_size_mobile":0,"ocean_menu_typo_font_size_unit":"px","ocean_menu_typo_font_weight":"","ocean_menu_typo_font_weight_tablet":"","ocean_menu_typo_font_weight_mobile":"","ocean_menu_typo_transform":"","ocean_menu_typo_transform_tablet":"","ocean_menu_typo_transform_mobile":"","ocean_menu_typo_line_height":0,"ocean_menu_typo_line_height_tablet":0,"ocean_menu_typo_line_height_mobile":0,"ocean_menu_typo_line_height_unit":"","ocean_menu_typo_spacing":0,"ocean_menu_typo_spacing_tablet":0,"ocean_menu_typo_spacing_mobile":0,"ocean_menu_typo_spacing_unit":"","ocean_menu_link_color":"","ocean_menu_link_color_hover":"","ocean_menu_link_color_active":"","ocean_menu_link_background":"","ocean_menu_link_hover_background":"","ocean_menu_link_active_background":"","ocean_menu_social_links_bg":"","ocean_menu_social_hover_links_bg":"","ocean_menu_social_links_color":"","ocean_menu_social_hover_links_color":"","ocean_disable_title":"default","ocean_disable_heading":"default","ocean_post_title":"","ocean_post_subheading":"","ocean_post_title_style":"background-image","ocean_post_title_background_color":"","ocean_post_title_background":4193,"ocean_post_title_bg_image_position":"","ocean_post_title_bg_image_attachment":"","ocean_post_title_bg_image_repeat":"","ocean_post_title_bg_image_size":"","ocean_post_title_height":0,"ocean_post_title_bg_overlay":0.5,"ocean_post_title_bg_overlay_color":"","ocean_disable_breadcrumbs":"default","ocean_breadcrumbs_color":"","ocean_breadcrumbs_separator_color":"","ocean_breadcrumbs_links_color":"","ocean_breadcrumbs_links_hover_color":"","ocean_display_footer_widgets":"default","ocean_display_footer_bottom":"default","ocean_custom_footer_template":"0","footnotes":"","_links_to":"","_links_to_target":""},"class_list":["post-228","page","type-page","status-publish","has-post-thumbnail","hentry","entry","has-media"],"_links":{"self":[{"href":"https:\/\/mestredasreceitas.com\/ptbr\/wp-json\/wp\/v2\/pages\/228","targetHints":{"allow":["GET"]}}],"collection":[{"href":"https:\/\/mestredasreceitas.com\/ptbr\/wp-json\/wp\/v2\/pages"}],"about":[{"href":"https:\/\/mestredasreceitas.com\/ptbr\/wp-json\/wp\/v2\/types\/page"}],"author":[{"embeddable":true,"href":"https:\/\/mestredasreceitas.com\/ptbr\/wp-json\/wp\/v2\/users\/1"}],"replies":[{"embeddable":true,"href":"https:\/\/mestredasreceitas.com\/ptbr\/wp-json\/wp\/v2\/comments?post=228"}],"version-history":[{"count":0,"href":"https:\/\/mestredasreceitas.com\/ptbr\/wp-json\/wp\/v2\/pages\/228\/revisions"}],"wp:featuredmedia":[{"embeddable":true,"href":"https:\/\/mestredasreceitas.com\/ptbr\/wp-json\/wp\/v2\/media\/4193"}],"wp:attachment":[{"href":"https:\/\/mestredasreceitas.com\/ptbr\/wp-json\/wp\/v2\/media?parent=228"}],"curies":[{"name":"wp","href":"https:\/\/api.w.org\/{rel}","templated":true}]}}