{"id":4236,"date":"2023-04-02T16:34:49","date_gmt":"2023-04-02T19:34:49","guid":{"rendered":"https:\/\/mestredasreceitas.com\/ptbr\/?page_id=4236"},"modified":"2025-10-03T20:50:58","modified_gmt":"2025-10-03T23:50:58","slug":"blog","status":"publish","type":"page","link":"https:\/\/mestredasreceitas.com\/ptbr\/blog\/","title":{"rendered":"Blog Mestre das Receitas"},"content":{"rendered":"<h2 style=\"text-align: center;\">\u00daltimas Publica\u00e7\u00f5es do Blog Mestre das Receitas<\/h2>\n<style>.wp-show-posts-columns#wpsp-4235 {margin-left: -2em; }.wp-show-posts-columns#wpsp-4235 .wp-show-posts-inner {margin: 0 0 2em 2em; }<\/style><section id=\"wpsp-4235\" class=\" wp-show-posts\" style=\"\"><article class=\" wp-show-posts-single wpsp-clearfix post-52433 post type-post status-publish format-standard has-post-thumbnail hentry category-petiscos-e-aperitivos tag-mini-pizza tag-pao-de-forma tag-receita-facil entry has-media\" itemtype=\"http:\/\/schema.org\/CreativeWork\" itemscope><div class=\"wp-show-posts-inner\" style=\"\">\t\t<div class=\"wp-show-posts-image  wpsp-image-left \">\n\t\t\t<a href=\"https:\/\/mestredasreceitas.com\/ptbr\/mini-pizza-de-pao-de-forma\/\"  title=\"Mini Pizza de P\u00e3o de Forma\"><img decoding=\"async\" src=\"https:\/\/mestredasreceitas.com\/ptbr\/wp-content\/uploads\/2025\/11\/mini-pizza-de-pao-de-forma.jpg\" class=\"attachment-full size-full wp-post-image\" alt=\"Mini Pizza de P\u00e3o de Forma\" itemprop=\"image\" title=\"\"><\/a>\t\t<\/div>\n\t\t\t\t\t\t\t\t<header class=\"wp-show-posts-entry-header\">\n\t\t\t\t\t\t\t<h2 class=\"wp-show-posts-entry-title\" itemprop=\"headline\"><a href=\"https:\/\/mestredasreceitas.com\/ptbr\/mini-pizza-de-pao-de-forma\/\" rel=\"bookmark\">Mini Pizza de P\u00e3o de Forma<\/a><\/h2>\t\t\t\t\t\t<\/header><!-- .entry-header -->\n\t\t\t\t\t\t\t\t\t\t\t<div class=\"wp-show-posts-entry-summary\" itemprop=\"text\">\n\t\t\t\t\t\t\t<p>mini pizza de p\u00e3o de forma pr\u00e1tica e saborosa: receita r\u00e1pida, dicas de montagem e varia\u00e7\u00f5es para lanches ou festas.<\/p>\n\t\t\t\t\t\t<\/div><!-- .entry-summary -->\n\t\t\t\t\t<\/div><!-- wp-show-posts-inner --><div class=\"wpsp-clear\"><\/div><\/article><article class=\" wp-show-posts-single wpsp-clearfix post-52422 post type-post status-publish format-standard has-post-thumbnail hentry category-lanches-e-salgados tag-bolinha-de-queijo tag-petiscos tag-receita-brasileira entry has-media\" itemtype=\"http:\/\/schema.org\/CreativeWork\" itemscope><div class=\"wp-show-posts-inner\" style=\"\">\t\t<div class=\"wp-show-posts-image  wpsp-image-left \">\n\t\t\t<a href=\"https:\/\/mestredasreceitas.com\/ptbr\/bolinha-de-queijo-2\/\"  title=\"Bolinha de Queijo Recheada\"><img decoding=\"async\" src=\"https:\/\/mestredasreceitas.com\/ptbr\/wp-content\/uploads\/2025\/11\/bolinha-de-queijo-recheada.jpg\" class=\"attachment-full size-full wp-post-image\" alt=\"Bolinha de Queijo Recheada\" itemprop=\"image\" title=\"\"><\/a>\t\t<\/div>\n\t\t\t\t\t\t\t\t<header class=\"wp-show-posts-entry-header\">\n\t\t\t\t\t\t\t<h2 class=\"wp-show-posts-entry-title\" itemprop=\"headline\"><a href=\"https:\/\/mestredasreceitas.com\/ptbr\/bolinha-de-queijo-2\/\" rel=\"bookmark\">Bolinha de Queijo Recheada<\/a><\/h2>\t\t\t\t\t\t<\/header><!-- .entry-header -->\n\t\t\t\t\t\t\t\t\t\t\t<div class=\"wp-show-posts-entry-summary\" itemprop=\"text\">\n\t\t\t\t\t\t\t<p>bolinha de queijo recheada: crocante por fora e cremosa por dentro, receita f\u00e1cil para petiscos irresist\u00edveis e convidados felizes.<\/p>\n\t\t\t\t\t\t<\/div><!-- .entry-summary -->\n\t\t\t\t\t<\/div><!-- wp-show-posts-inner --><div class=\"wpsp-clear\"><\/div><\/article><article class=\" wp-show-posts-single wpsp-clearfix post-52439 post type-post status-publish format-standard has-post-thumbnail hentry category-receitas-de-micro-ondas tag-bolo-de-caneca tag-leite-ninho tag-micro-ondas entry has-media\" itemtype=\"http:\/\/schema.org\/CreativeWork\" itemscope><div class=\"wp-show-posts-inner\" style=\"\">\t\t<div class=\"wp-show-posts-image  wpsp-image-left \">\n\t\t\t<a href=\"https:\/\/mestredasreceitas.com\/ptbr\/bolo-de-leite-ninho-de-micro-ondas\/\"  title=\"Bolo de Caneca com Leite Ninho\"><img decoding=\"async\" src=\"https:\/\/mestredasreceitas.com\/ptbr\/wp-content\/uploads\/2025\/12\/bolo-de-caneca-com-leite-ninho-social-16x9-1.jpg\" class=\"attachment-full size-full wp-post-image\" alt=\"- Mestre das Receitas - Os Blogs mais Incr\u00edveis da Web\" itemprop=\"image\" title=\"\"><\/a>\t\t<\/div>\n\t\t\t\t\t\t\t\t<header class=\"wp-show-posts-entry-header\">\n\t\t\t\t\t\t\t<h2 class=\"wp-show-posts-entry-title\" itemprop=\"headline\"><a href=\"https:\/\/mestredasreceitas.com\/ptbr\/bolo-de-leite-ninho-de-micro-ondas\/\" rel=\"bookmark\">Bolo de Caneca com Leite Ninho<\/a><\/h2>\t\t\t\t\t\t<\/header><!-- .entry-header -->\n\t\t\t\t\t\t\t\t\t\t\t<div class=\"wp-show-posts-entry-summary\" itemprop=\"text\">\n\t\t\t\t\t\t\t<p>bolo de leite ninho de micro-ondas: receita r\u00e1pida e cremosa em caneca, dicas para dar textura perfeita e cobertura irresist\u00edvel.<\/p>\n\t\t\t\t\t\t<\/div><!-- .entry-summary -->\n\t\t\t\t\t<\/div><!-- wp-show-posts-inner --><div class=\"wpsp-clear\"><\/div><\/article><article class=\" wp-show-posts-single wpsp-clearfix post-52408 post type-post status-publish format-standard has-post-thumbnail hentry category-recitas-de-liquidificador tag-receita-pratica tag-sobremesa-facil tag-torta-alema entry has-media\" itemtype=\"http:\/\/schema.org\/CreativeWork\" itemscope><div class=\"wp-show-posts-inner\" style=\"\">\t\t<div class=\"wp-show-posts-image  wpsp-image-left \">\n\t\t\t<a href=\"https:\/\/mestredasreceitas.com\/ptbr\/torta-alema-de-liquidificador\/\"  title=\"Torta Alem\u00e3 de Liquidificador\"><img decoding=\"async\" src=\"https:\/\/mestredasreceitas.com\/ptbr\/wp-content\/uploads\/2025\/11\/torta-alema-de-liquidificador.jpg\" class=\"attachment-full size-full wp-post-image\" alt=\"Torta Alem\u00e3 de Liquidificador\" itemprop=\"image\" title=\"\"><\/a>\t\t<\/div>\n\t\t\t\t\t\t\t\t<header class=\"wp-show-posts-entry-header\">\n\t\t\t\t\t\t\t<h2 class=\"wp-show-posts-entry-title\" itemprop=\"headline\"><a href=\"https:\/\/mestredasreceitas.com\/ptbr\/torta-alema-de-liquidificador\/\" rel=\"bookmark\">Torta Alem\u00e3 de Liquidificador<\/a><\/h2>\t\t\t\t\t\t<\/header><!-- .entry-header -->\n\t\t\t\t\t\t\t\t\t\t\t<div class=\"wp-show-posts-entry-summary\" itemprop=\"text\">\n\t\t\t\t\t\t\t<p>torta alem\u00e3 de liquidificador: receita pr\u00e1tica e irresist\u00edvel, cremes cremosos e camada de biscoitos \u2014 f\u00e1cil de preparar para qualquer ocasi\u00e3o.<\/p>\n\t\t\t\t\t\t<\/div><!-- .entry-summary -->\n\t\t\t\t\t<\/div><!-- wp-show-posts-inner --><div class=\"wpsp-clear\"><\/div><\/article><article class=\" wp-show-posts-single wpsp-clearfix post-52400 post type-post status-publish format-standard has-post-thumbnail hentry category-receitas-rapidas-e-faceis tag-batatas tag-carne-de-panela tag-receitas-faceis entry has-media\" itemtype=\"http:\/\/schema.org\/CreativeWork\" itemscope><div class=\"wp-show-posts-inner\" style=\"\">\t\t<div class=\"wp-show-posts-image  wpsp-image-left \">\n\t\t\t<a href=\"https:\/\/mestredasreceitas.com\/ptbr\/carne-de-panela-na-pressao\/\"  title=\"Carne de Panela com Batata na Press\u00e3o\"><img decoding=\"async\" src=\"https:\/\/mestredasreceitas.com\/ptbr\/wp-content\/uploads\/2025\/11\/carne-de-panela-com-batata-na-pressao.jpg\" class=\"attachment-full size-full wp-post-image\" alt=\"Carne de Panela com Batata na Press\u00e3o\" itemprop=\"image\" title=\"\"><\/a>\t\t<\/div>\n\t\t\t\t\t\t\t\t<header class=\"wp-show-posts-entry-header\">\n\t\t\t\t\t\t\t<h2 class=\"wp-show-posts-entry-title\" itemprop=\"headline\"><a href=\"https:\/\/mestredasreceitas.com\/ptbr\/carne-de-panela-na-pressao\/\" rel=\"bookmark\">Carne de Panela com Batata na Press\u00e3o<\/a><\/h2>\t\t\t\t\t\t<\/header><!-- .entry-header -->\n\t\t\t\t\t\t\t\t\t\t\t<div class=\"wp-show-posts-entry-summary\" itemprop=\"text\">\n\t\t\t\t\t\t\t<p>carne de panela na press\u00e3o: aprenda uma receita simples com batatas, temperos e dicas de cozimento r\u00e1pido para um almo\u00e7o suculento.<\/p>\n\t\t\t\t\t\t<\/div><!-- .entry-summary -->\n\t\t\t\t\t<\/div><!-- wp-show-posts-inner --><div class=\"wpsp-clear\"><\/div><\/article><article class=\" wp-show-posts-single wpsp-clearfix post-52415 post type-post status-publish format-standard has-post-thumbnail hentry category-receitas-veganas-e-vegetarianas tag-bobo-de-palmito tag-receita-vegana tag-vegano entry has-media\" itemtype=\"http:\/\/schema.org\/CreativeWork\" itemscope><div class=\"wp-show-posts-inner\" style=\"\">\t\t<div class=\"wp-show-posts-image  wpsp-image-left \">\n\t\t\t<a href=\"https:\/\/mestredasreceitas.com\/ptbr\/bobo-de-palmito-vegano\/\"  title=\"Bob\u00f3 de Palmito Cremoso Vegano\"><img decoding=\"async\" src=\"https:\/\/mestredasreceitas.com\/ptbr\/wp-content\/uploads\/2026\/02\/bobo-de-palmito-cremoso-vegano-social-16x9-1.jpg\" class=\"attachment-full size-full wp-post-image\" alt=\"- Mestre das Receitas - Os Blogs mais Incr\u00edveis da Web\" itemprop=\"image\" title=\"\"><\/a>\t\t<\/div>\n\t\t\t\t\t\t\t\t<header class=\"wp-show-posts-entry-header\">\n\t\t\t\t\t\t\t<h2 class=\"wp-show-posts-entry-title\" itemprop=\"headline\"><a href=\"https:\/\/mestredasreceitas.com\/ptbr\/bobo-de-palmito-vegano\/\" rel=\"bookmark\">Bob\u00f3 de Palmito Cremoso Vegano<\/a><\/h2>\t\t\t\t\t\t<\/header><!-- .entry-header -->\n\t\t\t\t\t\t\t\t\t\t\t<div class=\"wp-show-posts-entry-summary\" itemprop=\"text\">\n\t\t\t\t\t\t\t<p>bob\u00f3 de palmito vegano cremoso e f\u00e1cil: aprenda a fazer um bob\u00f3 saboroso, sem leite nem frutos do mar, perfeito para jantares.<\/p>\n\t\t\t\t\t\t<\/div><!-- .entry-summary -->\n\t\t\t\t\t<\/div><!-- wp-show-posts-inner --><div class=\"wpsp-clear\"><\/div><\/article><article class=\" wp-show-posts-single wpsp-clearfix post-52376 post type-post status-publish format-standard has-post-thumbnail hentry category-receitas-veganas-e-vegetarianas tag-falafel tag-grao-de-bico tag-receita-vegetariana entry has-media\" itemtype=\"http:\/\/schema.org\/CreativeWork\" itemscope><div class=\"wp-show-posts-inner\" style=\"\">\t\t<div class=\"wp-show-posts-image  wpsp-image-left \">\n\t\t\t<a href=\"https:\/\/mestredasreceitas.com\/ptbr\/falafel\/\"  title=\"Bolinho de Gr\u00e3o de Bico (Falafel)\"><img decoding=\"async\" src=\"https:\/\/mestredasreceitas.com\/ptbr\/wp-content\/uploads\/2025\/11\/bolinho-de-grao-de-bico-falafel.jpg\" class=\"attachment-full size-full wp-post-image\" alt=\"Bolinho de Gr\u00e3o de Bico (Falafel)\" itemprop=\"image\" title=\"\"><\/a>\t\t<\/div>\n\t\t\t\t\t\t\t\t<header class=\"wp-show-posts-entry-header\">\n\t\t\t\t\t\t\t<h2 class=\"wp-show-posts-entry-title\" itemprop=\"headline\"><a href=\"https:\/\/mestredasreceitas.com\/ptbr\/falafel\/\" rel=\"bookmark\">Bolinho de Gr\u00e3o de Bico (Falafel)<\/a><\/h2>\t\t\t\t\t\t<\/header><!-- .entry-header -->\n\t\t\t\t\t\t\t\t\t\t\t<div class=\"wp-show-posts-entry-summary\" itemprop=\"text\">\n\t\t\t\t\t\t\t<p>falafel caseiro: bolinhos crocantes de gr\u00e3o de bico, temperados e f\u00e1ceis de fazer \u2014 receita passo a passo para surpreender.<\/p>\n\t\t\t\t\t\t<\/div><!-- .entry-summary -->\n\t\t\t\t\t<\/div><!-- wp-show-posts-inner --><div class=\"wpsp-clear\"><\/div><\/article><article class=\" wp-show-posts-single wpsp-clearfix post-52369 post type-post status-publish format-standard has-post-thumbnail hentry category-ocasioes-especiais tag-receitas tag-receitas-brasileiras tag-receitas-caseiras entry has-media\" itemtype=\"http:\/\/schema.org\/CreativeWork\" itemscope><div class=\"wp-show-posts-inner\" style=\"\">\t\t<div class=\"wp-show-posts-image  wpsp-image-left \">\n\t\t\t<a href=\"https:\/\/mestredasreceitas.com\/ptbr\/canelone-de-frango\/\"  title=\"Canelone de Frango com Molho Branco\"><img decoding=\"async\" src=\"https:\/\/mestredasreceitas.com\/ptbr\/wp-content\/uploads\/2025\/11\/canelone-de-frango-com-molho-branco.jpg\" class=\"attachment-full size-full wp-post-image\" alt=\"Canelone de Frango com Molho Branco\" itemprop=\"image\" title=\"\"><\/a>\t\t<\/div>\n\t\t\t\t\t\t\t\t<header class=\"wp-show-posts-entry-header\">\n\t\t\t\t\t\t\t<h2 class=\"wp-show-posts-entry-title\" itemprop=\"headline\"><a href=\"https:\/\/mestredasreceitas.com\/ptbr\/canelone-de-frango\/\" rel=\"bookmark\">Canelone de Frango com Molho Branco<\/a><\/h2>\t\t\t\t\t\t<\/header><!-- .entry-header -->\n\t\t\t\t\t\t\t\t\t\t\t<div class=\"wp-show-posts-entry-summary\" itemprop=\"text\">\n\t\t\t\t\t\t\t<p>canelone de frango cremoso com molho branco: receita f\u00e1cil, dicas de recheio e finaliza\u00e7\u00e3o para impressionar fam\u00edlia e convidados.<\/p>\n\t\t\t\t\t\t<\/div><!-- .entry-summary -->\n\t\t\t\t\t<\/div><!-- wp-show-posts-inner --><div class=\"wpsp-clear\"><\/div><\/article><article class=\" wp-show-posts-single wpsp-clearfix post-52388 post type-post status-publish format-standard has-post-thumbnail hentry category-receitas-de-micro-ondas tag-chocolate-rapido tag-muffin-de-caneca tag-muffin-de-chocolate entry has-media\" itemtype=\"http:\/\/schema.org\/CreativeWork\" itemscope><div class=\"wp-show-posts-inner\" style=\"\">\t\t<div class=\"wp-show-posts-image  wpsp-image-left \">\n\t\t\t<a href=\"https:\/\/mestredasreceitas.com\/ptbr\/muffin-de-chocolate-de-micro-ondas\/\"  title=\"Muffin de Chocolate de Caneca\"><img decoding=\"async\" src=\"https:\/\/mestredasreceitas.com\/ptbr\/wp-content\/uploads\/2025\/11\/muffin-de-chocolate-de-caneca.jpg\" class=\"attachment-full size-full wp-post-image\" alt=\"Muffin de Chocolate de Caneca\" itemprop=\"image\" title=\"\"><\/a>\t\t<\/div>\n\t\t\t\t\t\t\t\t<header class=\"wp-show-posts-entry-header\">\n\t\t\t\t\t\t\t<h2 class=\"wp-show-posts-entry-title\" itemprop=\"headline\"><a href=\"https:\/\/mestredasreceitas.com\/ptbr\/muffin-de-chocolate-de-micro-ondas\/\" rel=\"bookmark\">Muffin de Chocolate de Caneca<\/a><\/h2>\t\t\t\t\t\t<\/header><!-- .entry-header -->\n\t\t\t\t\t\t\t\t\t\t\t<div class=\"wp-show-posts-entry-summary\" itemprop=\"text\">\n\t\t\t\t\t\t\t<p>muffin de chocolate de micro-ondas: receita r\u00e1pida e fofinha na caneca, pronta em minutos \u2014 dicas pr\u00e1ticas e varia\u00e7\u00f5es f\u00e1ceis.<\/p>\n\t\t\t\t\t\t<\/div><!-- .entry-summary -->\n\t\t\t\t\t<\/div><!-- wp-show-posts-inner --><div class=\"wpsp-clear\"><\/div><\/article><article class=\" wp-show-posts-single wpsp-clearfix post-52394 post type-post status-publish format-standard has-post-thumbnail hentry category-ocasioes-especiais tag-peixe-assado tag-peixe-recheado tag-receita-de-peixe entry has-media\" itemtype=\"http:\/\/schema.org\/CreativeWork\" itemscope><div class=\"wp-show-posts-inner\" style=\"\">\t\t<div class=\"wp-show-posts-image  wpsp-image-left \">\n\t\t\t<a href=\"https:\/\/mestredasreceitas.com\/ptbr\/peixe-recheado-de-forno\/\"  title=\"Peixe Recheado de Forno\"><img decoding=\"async\" src=\"https:\/\/mestredasreceitas.com\/ptbr\/wp-content\/uploads\/2026\/02\/peixe-recheado-de-forno-social-16x9-1.jpg\" class=\"attachment-full size-full wp-post-image\" alt=\"- Mestre das Receitas - Os Blogs mais Incr\u00edveis da Web\" itemprop=\"image\" title=\"\"><\/a>\t\t<\/div>\n\t\t\t\t\t\t\t\t<header class=\"wp-show-posts-entry-header\">\n\t\t\t\t\t\t\t<h2 class=\"wp-show-posts-entry-title\" itemprop=\"headline\"><a href=\"https:\/\/mestredasreceitas.com\/ptbr\/peixe-recheado-de-forno\/\" rel=\"bookmark\">Peixe Recheado de Forno<\/a><\/h2>\t\t\t\t\t\t<\/header><!-- .entry-header -->\n\t\t\t\t\t\t\t\t\t\t\t<div class=\"wp-show-posts-entry-summary\" itemprop=\"text\">\n\t\t\t\t\t\t\t<p>peixe recheado de forno: aprenda receita pr\u00e1tica e saborosa, dicas de recheio e passo a passo para impressionar fam\u00edlia e convidados.<\/p>\n\t\t\t\t\t\t<\/div><!-- .entry-summary -->\n\t\t\t\t\t<\/div><!-- wp-show-posts-inner --><div class=\"wpsp-clear\"><\/div><\/article><\/section><!-- .wp-show-posts --><div class=\"wpsp-load-more\"><span aria-current=\"page\" class=\"page-numbers current\">1<\/span>\n<a class=\"page-numbers\" href=\"https:\/\/mestredasreceitas.com\/ptbr\/wp-json\/wp\/v2\/pages\/4236\/page\/2\/\">2<\/a>\n<span class=\"page-numbers dots\">&hellip;<\/span>\n<a class=\"page-numbers\" href=\"https:\/\/mestredasreceitas.com\/ptbr\/wp-json\/wp\/v2\/pages\/4236\/page\/119\/\">119<\/a>\n<a class=\"next page-numbers\" href=\"https:\/\/mestredasreceitas.com\/ptbr\/wp-json\/wp\/v2\/pages\/4236\/page\/2\/\">Pr\u00f3ximo &rarr;<\/a><\/div>\n<p>&nbsp;<\/p>\n","protected":false},"excerpt":{"rendered":"<p>Blog Mestre das Receitas o Desperte o Chef em Voc\u00ea, Aqui voc\u00ea vai encontrar receitas saborosas diariamente, aquelas que a vov\u00f3 fazia e que voc\u00ea tanto ama. Receitas de pratos t\u00edpicos, sobremesas f\u00e1ceis e r\u00e1pidas de se fazer, e muito mais. Aproveite!<\/p>\n","protected":false},"author":1,"featured_media":4192,"parent":0,"menu_order":0,"comment_status":"closed","ping_status":"closed","template":"","meta":{"ocean_post_layout":"","ocean_both_sidebars_style":"","ocean_both_sidebars_content_width":0,"ocean_both_sidebars_sidebars_width":0,"ocean_sidebar":"0","ocean_second_sidebar":"0","ocean_disable_margins":"enable","ocean_add_body_class":"","ocean_shortcode_before_top_bar":"","ocean_shortcode_after_top_bar":"","ocean_shortcode_before_header":"","ocean_shortcode_after_header":"","ocean_has_shortcode":"","ocean_shortcode_after_title":"","ocean_shortcode_before_footer_widgets":"","ocean_shortcode_after_footer_widgets":"","ocean_shortcode_before_footer_bottom":"","ocean_shortcode_after_footer_bottom":"","ocean_display_top_bar":"default","ocean_display_header":"default","ocean_header_style":"","ocean_center_header_left_menu":"0","ocean_custom_header_template":"0","ocean_custom_logo":0,"ocean_custom_retina_logo":0,"ocean_custom_logo_max_width":0,"ocean_custom_logo_tablet_max_width":0,"ocean_custom_logo_mobile_max_width":0,"ocean_custom_logo_max_height":0,"ocean_custom_logo_tablet_max_height":0,"ocean_custom_logo_mobile_max_height":0,"ocean_header_custom_menu":"0","ocean_menu_typo_font_family":"0","ocean_menu_typo_font_subset":"","ocean_menu_typo_font_size":0,"ocean_menu_typo_font_size_tablet":0,"ocean_menu_typo_font_size_mobile":0,"ocean_menu_typo_font_size_unit":"px","ocean_menu_typo_font_weight":"","ocean_menu_typo_font_weight_tablet":"","ocean_menu_typo_font_weight_mobile":"","ocean_menu_typo_transform":"","ocean_menu_typo_transform_tablet":"","ocean_menu_typo_transform_mobile":"","ocean_menu_typo_line_height":0,"ocean_menu_typo_line_height_tablet":0,"ocean_menu_typo_line_height_mobile":0,"ocean_menu_typo_line_height_unit":"","ocean_menu_typo_spacing":0,"ocean_menu_typo_spacing_tablet":0,"ocean_menu_typo_spacing_mobile":0,"ocean_menu_typo_spacing_unit":"","ocean_menu_link_color":"","ocean_menu_link_color_hover":"","ocean_menu_link_color_active":"","ocean_menu_link_background":"","ocean_menu_link_hover_background":"","ocean_menu_link_active_background":"","ocean_menu_social_links_bg":"","ocean_menu_social_hover_links_bg":"","ocean_menu_social_links_color":"","ocean_menu_social_hover_links_color":"","ocean_disable_title":"default","ocean_disable_heading":"default","ocean_post_title":"","ocean_post_subheading":"","ocean_post_title_style":"background-image","ocean_post_title_background_color":"","ocean_post_title_background":41647,"ocean_post_title_bg_image_position":"","ocean_post_title_bg_image_attachment":"","ocean_post_title_bg_image_repeat":"","ocean_post_title_bg_image_size":"","ocean_post_title_height":0,"ocean_post_title_bg_overlay":0.5,"ocean_post_title_bg_overlay_color":"","ocean_disable_breadcrumbs":"default","ocean_breadcrumbs_color":"","ocean_breadcrumbs_separator_color":"","ocean_breadcrumbs_links_color":"","ocean_breadcrumbs_links_hover_color":"","ocean_display_footer_widgets":"default","ocean_display_footer_bottom":"default","ocean_custom_footer_template":"0","footnotes":"","_links_to":"","_links_to_target":""},"class_list":["post-4236","page","type-page","status-publish","has-post-thumbnail","hentry","entry","has-media"],"_links":{"self":[{"href":"https:\/\/mestredasreceitas.com\/ptbr\/wp-json\/wp\/v2\/pages\/4236","targetHints":{"allow":["GET"]}}],"collection":[{"href":"https:\/\/mestredasreceitas.com\/ptbr\/wp-json\/wp\/v2\/pages"}],"about":[{"href":"https:\/\/mestredasreceitas.com\/ptbr\/wp-json\/wp\/v2\/types\/page"}],"author":[{"embeddable":true,"href":"https:\/\/mestredasreceitas.com\/ptbr\/wp-json\/wp\/v2\/users\/1"}],"replies":[{"embeddable":true,"href":"https:\/\/mestredasreceitas.com\/ptbr\/wp-json\/wp\/v2\/comments?post=4236"}],"version-history":[{"count":0,"href":"https:\/\/mestredasreceitas.com\/ptbr\/wp-json\/wp\/v2\/pages\/4236\/revisions"}],"wp:featuredmedia":[{"embeddable":true,"href":"https:\/\/mestredasreceitas.com\/ptbr\/wp-json\/wp\/v2\/media\/4192"}],"wp:attachment":[{"href":"https:\/\/mestredasreceitas.com\/ptbr\/wp-json\/wp\/v2\/media?parent=4236"}],"curies":[{"name":"wp","href":"https:\/\/api.w.org\/{rel}","templated":true}]}}