{"id":4460,"date":"2024-03-23T16:56:42","date_gmt":"2024-03-23T19:56:42","guid":{"rendered":"https:\/\/mestredasreceitas.com\/ptbr\/?page_id=4460"},"modified":"2025-01-23T06:09:35","modified_gmt":"2025-01-23T09:09:35","slug":"culinaria-brasileira-regioes-do-brasil","status":"publish","type":"page","link":"https:\/\/mestredasreceitas.com\/ptbr\/culinaria-brasileira-regioes-do-brasil\/","title":{"rendered":"Culin\u00e1ria Brasileira &#8211; Regi\u00f5es do Brasil"},"content":{"rendered":"\t\t<div data-elementor-type=\"wp-page\" data-elementor-id=\"4460\" class=\"elementor elementor-4460\">\n\t\t\t\t\t\t<section class=\"elementor-section elementor-top-section elementor-element elementor-element-e4b836d elementor-section-boxed elementor-section-height-default elementor-section-height-default\" data-id=\"e4b836d\" data-element_type=\"section\">\n\t\t\t\t\t\t<div class=\"elementor-container elementor-column-gap-default\">\n\t\t\t\t\t<div class=\"elementor-column elementor-col-33 elementor-top-column elementor-element elementor-element-e68d920\" data-id=\"e68d920\" data-element_type=\"column\">\n\t\t\t<div class=\"elementor-widget-wrap elementor-element-populated\">\n\t\t\t\t\t\t<div class=\"elementor-element elementor-element-401e7dd elementor-widget elementor-widget-image\" data-id=\"401e7dd\" data-element_type=\"widget\" data-widget_type=\"image.default\">\n\t\t\t\t<div class=\"elementor-widget-container\">\n\t\t\t\t\t\t\t\t\t\t\t\t\t\t\t<img decoding=\"async\" src=\"https:\/\/mestredasreceitas.com\/ptbr\/wp-content\/uploads\/2024\/03\/Mestre-das-Receitas-Culinaria-Nordestina.jpg\" class=\"attachment-full size-full wp-image-4463\" alt=\"A culin\u00e1ria do Nordeste \u00e9 vibrante e colorida, conhecida por pratos como a moqueca, o acaraj\u00e9 e o bai\u00e3o de dois. Esta regi\u00e3o, com seu clima e geografia particulares, oferece uma culin\u00e1ria rica em frutos do mar, dend\u00ea e uma variedade de temperos que encantam o paladar.\" title=\"\">\t\t\t\t\t\t\t\t\t\t\t\t\t\t\t<\/div>\n\t\t\t\t<\/div>\n\t\t\t\t\t<\/div>\n\t\t<\/div>\n\t\t\t\t<div class=\"elementor-column elementor-col-66 elementor-top-column elementor-element elementor-element-177377f\" data-id=\"177377f\" data-element_type=\"column\">\n\t\t\t<div class=\"elementor-widget-wrap elementor-element-populated\">\n\t\t\t\t\t\t<div class=\"elementor-element elementor-element-7631598 categoria_culinaria_titulo elementor-widget elementor-widget-heading\" data-id=\"7631598\" data-element_type=\"widget\" data-widget_type=\"heading.default\">\n\t\t\t\t<div class=\"elementor-widget-container\">\n\t\t\t\t\t<h3 class=\"elementor-heading-title elementor-size-default\"><a href=\"https:\/\/mestredasreceitas.com\/ptbr\/categorias\/culinaria-nordestina\/\">Culin\u00e1ria Nordestina<\/a><\/h3>\t\t\t\t<\/div>\n\t\t\t\t<\/div>\n\t\t\t\t<div class=\"elementor-element elementor-element-138a59f categoria_culinaria_descricao elementor-widget elementor-widget-text-editor\" data-id=\"138a59f\" data-element_type=\"widget\" data-widget_type=\"text-editor.default\">\n\t\t\t\t<div class=\"elementor-widget-container\">\n\t\t\t\t\t\t\t\t\t<p>A culin\u00e1ria do Nordeste \u00e9 vibrante e colorida, conhecida por pratos como a moqueca, o acaraj\u00e9 e o <a href=\"https:\/\/mestredasreceitas.com\/ptbr\/baiao-de-dois\/\" class=\"ilj\">bai\u00e3o de dois<\/a>. Esta regi\u00e3o, com seu clima e geografia particulares, oferece uma culin\u00e1ria rica em frutos do mar, dend\u00ea e uma variedade de temperos que encantam o paladar.<\/p>\t\t\t\t\t\t\t\t<\/div>\n\t\t\t\t<\/div>\n\t\t\t\t<div class=\"elementor-element elementor-element-2c22d6d categoria_culinaria_ler_mais elementor-widget elementor-widget-heading\" data-id=\"2c22d6d\" data-element_type=\"widget\" data-widget_type=\"heading.default\">\n\t\t\t\t<div class=\"elementor-widget-container\">\n\t\t\t\t\t<h4 class=\"elementor-heading-title elementor-size-default\"><a href=\"https:\/\/mestredasreceitas.com\/ptbr\/categorias\/culinaria-nordestina\/\">Conhe\u00e7a as Melhores Receitas da Culin\u00e1ria Nordestina<\/a><\/h4>\t\t\t\t<\/div>\n\t\t\t\t<\/div>\n\t\t\t\t\t<\/div>\n\t\t<\/div>\n\t\t\t\t\t<\/div>\n\t\t<\/section>\n\t\t\t\t<section class=\"elementor-section elementor-top-section elementor-element elementor-element-8a02569 elementor-section-boxed elementor-section-height-default elementor-section-height-default\" data-id=\"8a02569\" data-element_type=\"section\">\n\t\t\t\t\t\t<div class=\"elementor-container elementor-column-gap-default\">\n\t\t\t\t\t<div class=\"elementor-column elementor-col-33 elementor-top-column elementor-element elementor-element-d0540e7\" data-id=\"d0540e7\" data-element_type=\"column\">\n\t\t\t<div class=\"elementor-widget-wrap elementor-element-populated\">\n\t\t\t\t\t\t<div class=\"elementor-element elementor-element-c3237d3 elementor-widget elementor-widget-image\" data-id=\"c3237d3\" data-element_type=\"widget\" data-widget_type=\"image.default\">\n\t\t\t\t<div class=\"elementor-widget-container\">\n\t\t\t\t\t\t\t\t\t\t\t\t\t\t\t<img decoding=\"async\" src=\"https:\/\/mestredasreceitas.com\/ptbr\/wp-content\/uploads\/2024\/03\/Mestre-das-Receitas-Culinaria-Mineira.jpg\" class=\"attachment-full size-full wp-image-4464\" alt=\"Em Minas Gerais, o p\u00e3o de queijo, o feij\u00e3o tropeiro e o frango com quiabo s\u00e3o apenas algumas das del\u00edcias que exemplificam a hospitalidade mineira. A culin\u00e1ria mineira \u00e9 reconhecida pelo uso de ingredientes simples que, combinados, criam sabores inesquec\u00edveis.\" title=\"\">\t\t\t\t\t\t\t\t\t\t\t\t\t\t\t<\/div>\n\t\t\t\t<\/div>\n\t\t\t\t\t<\/div>\n\t\t<\/div>\n\t\t\t\t<div class=\"elementor-column elementor-col-66 elementor-top-column elementor-element elementor-element-ac1c017\" data-id=\"ac1c017\" data-element_type=\"column\">\n\t\t\t<div class=\"elementor-widget-wrap elementor-element-populated\">\n\t\t\t\t\t\t<div class=\"elementor-element elementor-element-2d5a868 categoria_culinaria_titulo elementor-widget elementor-widget-heading\" data-id=\"2d5a868\" data-element_type=\"widget\" data-widget_type=\"heading.default\">\n\t\t\t\t<div class=\"elementor-widget-container\">\n\t\t\t\t\t<h3 class=\"elementor-heading-title elementor-size-default\"><a href=\"https:\/\/mestredasreceitas.com\/ptbr\/categorias\/culinaria-mineira\/\">Culin\u00e1ria Mineira<\/a><\/h3>\t\t\t\t<\/div>\n\t\t\t\t<\/div>\n\t\t\t\t<div class=\"elementor-element elementor-element-64bfb5c categoria_culinaria_descricao elementor-widget elementor-widget-text-editor\" data-id=\"64bfb5c\" data-element_type=\"widget\" data-widget_type=\"text-editor.default\">\n\t\t\t\t<div class=\"elementor-widget-container\">\n\t\t\t\t\t\t\t\t\t<p>Em Minas Gerais, o <a href=\"https:\/\/mestredasreceitas.com\/ptbr\/pao-de-queijo\/\" class=\"ilj\">p\u00e3o de queijo<\/a>, o feij\u00e3o tropeiro e o frango com quiabo s\u00e3o apenas algumas das del\u00edcias que exemplificam a hospitalidade mineira. A culin\u00e1ria mineira \u00e9 reconhecida pelo uso de ingredientes simples que, combinados, criam sabores inesquec\u00edveis.<\/p>\t\t\t\t\t\t\t\t<\/div>\n\t\t\t\t<\/div>\n\t\t\t\t<div class=\"elementor-element elementor-element-b2800e8 categoria_culinaria_ler_mais elementor-widget elementor-widget-heading\" data-id=\"b2800e8\" data-element_type=\"widget\" data-widget_type=\"heading.default\">\n\t\t\t\t<div class=\"elementor-widget-container\">\n\t\t\t\t\t<h4 class=\"elementor-heading-title elementor-size-default\"><a href=\"https:\/\/mestredasreceitas.com\/ptbr\/categorias\/culinaria-mineira\/\">Conhe\u00e7a as Melhores Receitas da Culin\u00e1ria Mineira<\/a><\/h4>\t\t\t\t<\/div>\n\t\t\t\t<\/div>\n\t\t\t\t\t<\/div>\n\t\t<\/div>\n\t\t\t\t\t<\/div>\n\t\t<\/section>\n\t\t\t\t<section class=\"elementor-section elementor-top-section elementor-element elementor-element-701fa75 elementor-section-boxed elementor-section-height-default elementor-section-height-default\" data-id=\"701fa75\" data-element_type=\"section\">\n\t\t\t\t\t\t<div class=\"elementor-container elementor-column-gap-default\">\n\t\t\t\t\t<div class=\"elementor-column elementor-col-33 elementor-top-column elementor-element elementor-element-0510db3\" data-id=\"0510db3\" data-element_type=\"column\">\n\t\t\t<div class=\"elementor-widget-wrap elementor-element-populated\">\n\t\t\t\t\t\t<div class=\"elementor-element elementor-element-4437d06 elementor-widget elementor-widget-image\" data-id=\"4437d06\" data-element_type=\"widget\" data-widget_type=\"image.default\">\n\t\t\t\t<div class=\"elementor-widget-container\">\n\t\t\t\t\t\t\t\t\t\t\t\t\t\t\t<img decoding=\"async\" src=\"https:\/\/mestredasreceitas.com\/ptbr\/wp-content\/uploads\/2024\/03\/Mestre-das-Receitas-Culinaria-Capixaba.jpg\" class=\"attachment-full size-full wp-image-4465\" alt=\"A culin\u00e1ria do Esp\u00edrito Santo \u00e9 marcada pela famosa moqueca capixaba, menos conhecida nacionalmente, mas n\u00e3o menos saborosa. Feita com peixes frescos e sem o uso do dend\u00ea, \u00e9 um prato que reflete a simplicidade e a riqueza dos sabores locais.\" title=\"\">\t\t\t\t\t\t\t\t\t\t\t\t\t\t\t<\/div>\n\t\t\t\t<\/div>\n\t\t\t\t\t<\/div>\n\t\t<\/div>\n\t\t\t\t<div class=\"elementor-column elementor-col-66 elementor-top-column elementor-element elementor-element-503c822\" data-id=\"503c822\" data-element_type=\"column\">\n\t\t\t<div class=\"elementor-widget-wrap elementor-element-populated\">\n\t\t\t\t\t\t<div class=\"elementor-element elementor-element-9b53631 categoria_culinaria_titulo elementor-widget elementor-widget-heading\" data-id=\"9b53631\" data-element_type=\"widget\" data-widget_type=\"heading.default\">\n\t\t\t\t<div class=\"elementor-widget-container\">\n\t\t\t\t\t<h3 class=\"elementor-heading-title elementor-size-default\"><a href=\"https:\/\/mestredasreceitas.com\/ptbr\/categorias\/culinaria-capixaba\/\">Culin\u00e1ria Capixaba<\/a><\/h3>\t\t\t\t<\/div>\n\t\t\t\t<\/div>\n\t\t\t\t<div class=\"elementor-element elementor-element-42a7111 categoria_culinaria_descricao elementor-widget elementor-widget-text-editor\" data-id=\"42a7111\" data-element_type=\"widget\" data-widget_type=\"text-editor.default\">\n\t\t\t\t<div class=\"elementor-widget-container\">\n\t\t\t\t\t\t\t\t\t<p>A culin\u00e1ria do Esp\u00edrito Santo \u00e9 marcada pela famosa moqueca capixaba, menos conhecida nacionalmente, mas n\u00e3o menos saborosa. Feita com peixes frescos e sem o uso do dend\u00ea, \u00e9 um prato que reflete a simplicidade e a riqueza dos sabores locais.<\/p>\t\t\t\t\t\t\t\t<\/div>\n\t\t\t\t<\/div>\n\t\t\t\t<div class=\"elementor-element elementor-element-59c6f17 categoria_culinaria_ler_mais elementor-widget elementor-widget-heading\" data-id=\"59c6f17\" data-element_type=\"widget\" data-widget_type=\"heading.default\">\n\t\t\t\t<div class=\"elementor-widget-container\">\n\t\t\t\t\t<h4 class=\"elementor-heading-title elementor-size-default\"><a href=\"https:\/\/mestredasreceitas.com\/ptbr\/categorias\/culinaria-capixaba\/\">Conhe\u00e7a as Melhores Receitas da Culin\u00e1ria Capixaba<\/a><\/h4>\t\t\t\t<\/div>\n\t\t\t\t<\/div>\n\t\t\t\t\t<\/div>\n\t\t<\/div>\n\t\t\t\t\t<\/div>\n\t\t<\/section>\n\t\t\t\t<section class=\"elementor-section elementor-top-section elementor-element elementor-element-76604ad elementor-section-boxed elementor-section-height-default elementor-section-height-default\" data-id=\"76604ad\" data-element_type=\"section\">\n\t\t\t\t\t\t<div class=\"elementor-container elementor-column-gap-default\">\n\t\t\t\t\t<div class=\"elementor-column elementor-col-33 elementor-top-column elementor-element elementor-element-65d5aa3\" data-id=\"65d5aa3\" data-element_type=\"column\">\n\t\t\t<div class=\"elementor-widget-wrap elementor-element-populated\">\n\t\t\t\t\t\t<div class=\"elementor-element elementor-element-eefa2df elementor-widget elementor-widget-image\" data-id=\"eefa2df\" data-element_type=\"widget\" data-widget_type=\"image.default\">\n\t\t\t\t<div class=\"elementor-widget-container\">\n\t\t\t\t\t\t\t\t\t\t\t\t\t\t\t<img decoding=\"async\" src=\"https:\/\/mestredasreceitas.com\/ptbr\/wp-content\/uploads\/2024\/03\/Mestre-das-Receitas-Culinaria-Baiana.jpg\" class=\"attachment-full size-full wp-image-4466\" alt=\"A Bahia, com sua forte influ\u00eancia africana, nos presenteia com uma culin\u00e1ria rica em aromas e sabores. O acaraj\u00e9, o vatap\u00e1 e a moqueca baiana s\u00e3o pratos que revelam a intensidade e a alegria da culin\u00e1ria baiana.\" title=\"\">\t\t\t\t\t\t\t\t\t\t\t\t\t\t\t<\/div>\n\t\t\t\t<\/div>\n\t\t\t\t\t<\/div>\n\t\t<\/div>\n\t\t\t\t<div class=\"elementor-column elementor-col-66 elementor-top-column elementor-element elementor-element-4dbebb8\" data-id=\"4dbebb8\" data-element_type=\"column\">\n\t\t\t<div class=\"elementor-widget-wrap elementor-element-populated\">\n\t\t\t\t\t\t<div class=\"elementor-element elementor-element-b7971c2 categoria_culinaria_titulo elementor-widget elementor-widget-heading\" data-id=\"b7971c2\" data-element_type=\"widget\" data-widget_type=\"heading.default\">\n\t\t\t\t<div class=\"elementor-widget-container\">\n\t\t\t\t\t<h3 class=\"elementor-heading-title elementor-size-default\"><a href=\"https:\/\/mestredasreceitas.com\/ptbr\/categorias\/culinaria-baiana\/\">Culin\u00e1ria Baiana<\/a><\/h3>\t\t\t\t<\/div>\n\t\t\t\t<\/div>\n\t\t\t\t<div class=\"elementor-element elementor-element-c36e7c7 categoria_culinaria_descricao elementor-widget elementor-widget-text-editor\" data-id=\"c36e7c7\" data-element_type=\"widget\" data-widget_type=\"text-editor.default\">\n\t\t\t\t<div class=\"elementor-widget-container\">\n\t\t\t\t\t\t\t\t\t<p>A Bahia, com sua forte influ\u00eancia africana, nos presenteia com uma culin\u00e1ria rica em aromas e sabores. O acaraj\u00e9, o vatap\u00e1 e a moqueca baiana s\u00e3o pratos que revelam a intensidade e a alegria da culin\u00e1ria baiana.<\/p>\t\t\t\t\t\t\t\t<\/div>\n\t\t\t\t<\/div>\n\t\t\t\t<div class=\"elementor-element elementor-element-c719bb0 categoria_culinaria_ler_mais elementor-widget elementor-widget-heading\" data-id=\"c719bb0\" data-element_type=\"widget\" data-widget_type=\"heading.default\">\n\t\t\t\t<div class=\"elementor-widget-container\">\n\t\t\t\t\t<h4 class=\"elementor-heading-title elementor-size-default\"><a href=\"https:\/\/mestredasreceitas.com\/ptbr\/categorias\/culinaria-baiana\/\">Conhe\u00e7a as Melhores Receitas da Culin\u00e1ria Baiana<\/a><\/h4>\t\t\t\t<\/div>\n\t\t\t\t<\/div>\n\t\t\t\t\t<\/div>\n\t\t<\/div>\n\t\t\t\t\t<\/div>\n\t\t<\/section>\n\t\t\t\t<section class=\"elementor-section elementor-top-section elementor-element elementor-element-9269254 elementor-section-boxed elementor-section-height-default elementor-section-height-default\" data-id=\"9269254\" data-element_type=\"section\">\n\t\t\t\t\t\t<div class=\"elementor-container elementor-column-gap-default\">\n\t\t\t\t\t<div class=\"elementor-column elementor-col-33 elementor-top-column elementor-element elementor-element-747e83f\" data-id=\"747e83f\" data-element_type=\"column\">\n\t\t\t<div class=\"elementor-widget-wrap elementor-element-populated\">\n\t\t\t\t\t\t<div class=\"elementor-element elementor-element-5c481b7 elementor-widget elementor-widget-image\" data-id=\"5c481b7\" data-element_type=\"widget\" data-widget_type=\"image.default\">\n\t\t\t\t<div class=\"elementor-widget-container\">\n\t\t\t\t\t\t\t\t\t\t\t\t\t\t\t<img decoding=\"async\" src=\"https:\/\/mestredasreceitas.com\/ptbr\/wp-content\/uploads\/2024\/03\/Mestre-das-Receitas-Culinaria-nas-Regioes-do-Brasil.jpg\" class=\"attachment-full size-full wp-image-4467\" alt=\"Al\u00e9m dessas, outras regi\u00f5es, como a culin\u00e1ria ga\u00facha com o seu tradicional churrasco, e a culin\u00e1ria amaz\u00f4nica, com seus peixes e frutas ex\u00f3ticas, tamb\u00e9m t\u00eam pap\u00e9is importantes na composi\u00e7\u00e3o da gastronomia brasileira.\" title=\"\">\t\t\t\t\t\t\t\t\t\t\t\t\t\t\t<\/div>\n\t\t\t\t<\/div>\n\t\t\t\t\t<\/div>\n\t\t<\/div>\n\t\t\t\t<div class=\"elementor-column elementor-col-66 elementor-top-column elementor-element elementor-element-9d73c56\" data-id=\"9d73c56\" data-element_type=\"column\">\n\t\t\t<div class=\"elementor-widget-wrap elementor-element-populated\">\n\t\t\t\t\t\t<div class=\"elementor-element elementor-element-cd81e81 categoria_culinaria_titulo elementor-widget elementor-widget-heading\" data-id=\"cd81e81\" data-element_type=\"widget\" data-widget_type=\"heading.default\">\n\t\t\t\t<div class=\"elementor-widget-container\">\n\t\t\t\t\t<h3 class=\"elementor-heading-title elementor-size-default\">Outras Influ\u00eancias<\/h3>\t\t\t\t<\/div>\n\t\t\t\t<\/div>\n\t\t\t\t<div class=\"elementor-element elementor-element-d26f690 categoria_culinaria_descricao elementor-widget elementor-widget-text-editor\" data-id=\"d26f690\" data-element_type=\"widget\" data-widget_type=\"text-editor.default\">\n\t\t\t\t<div class=\"elementor-widget-container\">\n\t\t\t\t\t\t\t\t\t<p>Al\u00e9m dessas, outras regi\u00f5es, como a culin\u00e1ria ga\u00facha com o seu tradicional churrasco, e a culin\u00e1ria amaz\u00f4nica, com seus peixes e frutas ex\u00f3ticas, tamb\u00e9m t\u00eam pap\u00e9is importantes na composi\u00e7\u00e3o da gastronomia brasileira.<\/p>\t\t\t\t\t\t\t\t<\/div>\n\t\t\t\t<\/div>\n\t\t\t\t\t<\/div>\n\t\t<\/div>\n\t\t\t\t\t<\/div>\n\t\t<\/section>\n\t\t\t\t<\/div>\n\t\t","protected":false},"excerpt":{"rendered":"<p>Culin\u00e1ria Nordestina A culin\u00e1ria do Nordeste \u00e9 vibrante e colorida, conhecida por pratos como a moqueca, o acaraj\u00e9 e o bai\u00e3o de dois. Esta regi\u00e3o, com seu clima e geografia particulares, oferece uma culin\u00e1ria rica em frutos do mar, dend\u00ea e uma variedade de temperos que encantam o paladar. Conhe\u00e7a as Melhores Receitas da Culin\u00e1ria [&hellip;]<\/p>\n","protected":false},"author":1,"featured_media":0,"parent":0,"menu_order":0,"comment_status":"closed","ping_status":"closed","template":"elementor_canvas","meta":{"ocean_post_layout":"full-screen","ocean_both_sidebars_style":"","ocean_both_sidebars_content_width":0,"ocean_both_sidebars_sidebars_width":0,"ocean_sidebar":"0","ocean_second_sidebar":"0","ocean_disable_margins":"enable","ocean_add_body_class":"","ocean_shortcode_before_top_bar":"","ocean_shortcode_after_top_bar":"","ocean_shortcode_before_header":"","ocean_shortcode_after_header":"","ocean_has_shortcode":"","ocean_shortcode_after_title":"","ocean_shortcode_before_footer_widgets":"","ocean_shortcode_after_footer_widgets":"","ocean_shortcode_before_footer_bottom":"","ocean_shortcode_after_footer_bottom":"","ocean_display_top_bar":"default","ocean_display_header":"default","ocean_header_style":"","ocean_center_header_left_menu":"0","ocean_custom_header_template":"0","ocean_custom_logo":0,"ocean_custom_retina_logo":0,"ocean_custom_logo_max_width":0,"ocean_custom_logo_tablet_max_width":0,"ocean_custom_logo_mobile_max_width":0,"ocean_custom_logo_max_height":0,"ocean_custom_logo_tablet_max_height":0,"ocean_custom_logo_mobile_max_height":0,"ocean_header_custom_menu":"0","ocean_menu_typo_font_family":"0","ocean_menu_typo_font_subset":"","ocean_menu_typo_font_size":0,"ocean_menu_typo_font_size_tablet":0,"ocean_menu_typo_font_size_mobile":0,"ocean_menu_typo_font_size_unit":"px","ocean_menu_typo_font_weight":"","ocean_menu_typo_font_weight_tablet":"","ocean_menu_typo_font_weight_mobile":"","ocean_menu_typo_transform":"","ocean_menu_typo_transform_tablet":"","ocean_menu_typo_transform_mobile":"","ocean_menu_typo_line_height":0,"ocean_menu_typo_line_height_tablet":0,"ocean_menu_typo_line_height_mobile":0,"ocean_menu_typo_line_height_unit":"","ocean_menu_typo_spacing":0,"ocean_menu_typo_spacing_tablet":0,"ocean_menu_typo_spacing_mobile":0,"ocean_menu_typo_spacing_unit":"","ocean_menu_link_color":"","ocean_menu_link_color_hover":"","ocean_menu_link_color_active":"","ocean_menu_link_background":"","ocean_menu_link_hover_background":"","ocean_menu_link_active_background":"","ocean_menu_social_links_bg":"","ocean_menu_social_hover_links_bg":"","ocean_menu_social_links_color":"","ocean_menu_social_hover_links_color":"","ocean_disable_title":"default","ocean_disable_heading":"default","ocean_post_title":"","ocean_post_subheading":"","ocean_post_title_style":"","ocean_post_title_background_color":"","ocean_post_title_background":0,"ocean_post_title_bg_image_position":"","ocean_post_title_bg_image_attachment":"","ocean_post_title_bg_image_repeat":"","ocean_post_title_bg_image_size":"","ocean_post_title_height":0,"ocean_post_title_bg_overlay":0.5,"ocean_post_title_bg_overlay_color":"","ocean_disable_breadcrumbs":"default","ocean_breadcrumbs_color":"","ocean_breadcrumbs_separator_color":"","ocean_breadcrumbs_links_color":"","ocean_breadcrumbs_links_hover_color":"","ocean_display_footer_widgets":"default","ocean_display_footer_bottom":"default","ocean_custom_footer_template":"0","footnotes":"","_links_to":"","_links_to_target":""},"class_list":["post-4460","page","type-page","status-publish","hentry","entry"],"_links":{"self":[{"href":"https:\/\/mestredasreceitas.com\/ptbr\/wp-json\/wp\/v2\/pages\/4460","targetHints":{"allow":["GET"]}}],"collection":[{"href":"https:\/\/mestredasreceitas.com\/ptbr\/wp-json\/wp\/v2\/pages"}],"about":[{"href":"https:\/\/mestredasreceitas.com\/ptbr\/wp-json\/wp\/v2\/types\/page"}],"author":[{"embeddable":true,"href":"https:\/\/mestredasreceitas.com\/ptbr\/wp-json\/wp\/v2\/users\/1"}],"replies":[{"embeddable":true,"href":"https:\/\/mestredasreceitas.com\/ptbr\/wp-json\/wp\/v2\/comments?post=4460"}],"version-history":[{"count":0,"href":"https:\/\/mestredasreceitas.com\/ptbr\/wp-json\/wp\/v2\/pages\/4460\/revisions"}],"wp:attachment":[{"href":"https:\/\/mestredasreceitas.com\/ptbr\/wp-json\/wp\/v2\/media?parent=4460"}],"curies":[{"name":"wp","href":"https:\/\/api.w.org\/{rel}","templated":true}]}}