{"id":4478,"date":"2024-03-23T18:10:44","date_gmt":"2024-03-23T21:10:44","guid":{"rendered":"https:\/\/mestredasreceitas.com\/ptbr\/?page_id=4478"},"modified":"2025-01-23T08:15:05","modified_gmt":"2025-01-23T11:15:05","slug":"receitas-faceis-e-rapidas-categorias","status":"publish","type":"page","link":"https:\/\/mestredasreceitas.com\/ptbr\/receitas-faceis-e-rapidas-categorias\/","title":{"rendered":"Receitas F\u00e1ceis e R\u00e1pidas &#8211; Categorias"},"content":{"rendered":"\t\t<div data-elementor-type=\"wp-page\" data-elementor-id=\"4478\" class=\"elementor elementor-4478\">\n\t\t\t\t\t\t<section class=\"elementor-section elementor-top-section elementor-element elementor-element-e4b836d elementor-section-boxed elementor-section-height-default elementor-section-height-default\" data-id=\"e4b836d\" data-element_type=\"section\">\n\t\t\t\t\t\t<div class=\"elementor-container elementor-column-gap-default\">\n\t\t\t\t\t<div class=\"elementor-column elementor-col-33 elementor-top-column elementor-element elementor-element-e68d920\" data-id=\"e68d920\" data-element_type=\"column\">\n\t\t\t<div class=\"elementor-widget-wrap elementor-element-populated\">\n\t\t\t\t\t\t<div class=\"elementor-element elementor-element-401e7dd elementor-widget elementor-widget-image\" data-id=\"401e7dd\" data-element_type=\"widget\" data-widget_type=\"image.default\">\n\t\t\t\t<div class=\"elementor-widget-container\">\n\t\t\t\t\t\t\t\t\t\t\t\t\t\t\t<img decoding=\"async\" src=\"https:\/\/mestredasreceitas.com\/ptbr\/wp-content\/uploads\/2024\/03\/Mestre-das-Receitas-Receitas-Faceis-e-Rapidas-Pratos-Principais-em-Minutos.jpg\" class=\"attachment-full size-full wp-image-4482\" alt=\"Descubra pratos principais, que s\u00e3o a defini\u00e7\u00e3o de efici\u00eancia na cozinha. Desde uma cl\u00e1ssica pasta at\u00e9 inova\u00e7\u00f5es com ingredientes locais, essas Receitas F\u00e1ceis e R\u00e1pidas, s\u00e3o ideais para um jantar surpresa ou para aqueles dias corridos.\" title=\"\">\t\t\t\t\t\t\t\t\t\t\t\t\t\t\t<\/div>\n\t\t\t\t<\/div>\n\t\t\t\t\t<\/div>\n\t\t<\/div>\n\t\t\t\t<div class=\"elementor-column elementor-col-66 elementor-top-column elementor-element elementor-element-177377f\" data-id=\"177377f\" data-element_type=\"column\">\n\t\t\t<div class=\"elementor-widget-wrap elementor-element-populated\">\n\t\t\t\t\t\t<div class=\"elementor-element elementor-element-7631598 categoria_culinaria_titulo elementor-widget elementor-widget-heading\" data-id=\"7631598\" data-element_type=\"widget\" data-widget_type=\"heading.default\">\n\t\t\t\t<div class=\"elementor-widget-container\">\n\t\t\t\t\t<h3 class=\"elementor-heading-title elementor-size-default\"><a href=\"https:\/\/mestredasreceitas.com\/ptbr\/categorias\/pratos-principais-em-minutos\/\">Pratos Principais em Minutos<\/a><\/h3>\t\t\t\t<\/div>\n\t\t\t\t<\/div>\n\t\t\t\t<div class=\"elementor-element elementor-element-138a59f categoria_culinaria_descricao elementor-widget elementor-widget-text-editor\" data-id=\"138a59f\" data-element_type=\"widget\" data-widget_type=\"text-editor.default\">\n\t\t\t\t<div class=\"elementor-widget-container\">\n\t\t\t\t\t\t\t\t\t<p>Descubra pratos principais, que s\u00e3o a defini\u00e7\u00e3o de efici\u00eancia na cozinha. Desde uma cl\u00e1ssica pasta at\u00e9 inova\u00e7\u00f5es com ingredientes locais, essas Receitas F\u00e1ceis e R\u00e1pidas, s\u00e3o ideais para um jantar surpresa ou para aqueles dias corridos.<\/p>\t\t\t\t\t\t\t\t<\/div>\n\t\t\t\t<\/div>\n\t\t\t\t<div class=\"elementor-element elementor-element-7f13ccb categoria_culinaria_ler_mais elementor-widget elementor-widget-heading\" data-id=\"7f13ccb\" data-element_type=\"widget\" data-widget_type=\"heading.default\">\n\t\t\t\t<div class=\"elementor-widget-container\">\n\t\t\t\t\t<h4 class=\"elementor-heading-title elementor-size-default\"><a href=\"https:\/\/mestredasreceitas.com\/ptbr\/categorias\/pratos-principais-em-minutos\/\">Conhe\u00e7a as Melhores Receitas de Pratos Principais em Minutos<\/a><\/h4>\t\t\t\t<\/div>\n\t\t\t\t<\/div>\n\t\t\t\t\t<\/div>\n\t\t<\/div>\n\t\t\t\t\t<\/div>\n\t\t<\/section>\n\t\t\t\t<section class=\"elementor-section elementor-top-section elementor-element elementor-element-8a02569 elementor-section-boxed elementor-section-height-default elementor-section-height-default\" data-id=\"8a02569\" data-element_type=\"section\">\n\t\t\t\t\t\t<div class=\"elementor-container elementor-column-gap-default\">\n\t\t\t\t\t<div class=\"elementor-column elementor-col-33 elementor-top-column elementor-element elementor-element-d0540e7\" data-id=\"d0540e7\" data-element_type=\"column\">\n\t\t\t<div class=\"elementor-widget-wrap elementor-element-populated\">\n\t\t\t\t\t\t<div class=\"elementor-element elementor-element-c3237d3 elementor-widget elementor-widget-image\" data-id=\"c3237d3\" data-element_type=\"widget\" data-widget_type=\"image.default\">\n\t\t\t\t<div class=\"elementor-widget-container\">\n\t\t\t\t\t\t\t\t\t\t\t\t\t\t\t<img decoding=\"async\" src=\"https:\/\/mestredasreceitas.com\/ptbr\/wp-content\/uploads\/2024\/03\/Mestre-das-Receitas-Receitas-Faceis-e-Rapidas-Acompanhamentos-Descomplicados.jpg\" class=\"attachment-full size-full wp-image-4483\" alt=\"Aprenda a criar acompanhamentos que transformam uma refei\u00e7\u00e3o simples em um banquete. Saladas, arrozes e legumes saem da monotonia para se tornarem estrelas da sua mesa.\" title=\"\">\t\t\t\t\t\t\t\t\t\t\t\t\t\t\t<\/div>\n\t\t\t\t<\/div>\n\t\t\t\t\t<\/div>\n\t\t<\/div>\n\t\t\t\t<div class=\"elementor-column elementor-col-66 elementor-top-column elementor-element elementor-element-ac1c017\" data-id=\"ac1c017\" data-element_type=\"column\">\n\t\t\t<div class=\"elementor-widget-wrap elementor-element-populated\">\n\t\t\t\t\t\t<div class=\"elementor-element elementor-element-2d5a868 categoria_culinaria_titulo elementor-widget elementor-widget-heading\" data-id=\"2d5a868\" data-element_type=\"widget\" data-widget_type=\"heading.default\">\n\t\t\t\t<div class=\"elementor-widget-container\">\n\t\t\t\t\t<h3 class=\"elementor-heading-title elementor-size-default\"><a href=\"\/categorias\/acompanhamentos-descomplicados\/\">Acompanhamentos Descomplicados<\/a><\/h3>\t\t\t\t<\/div>\n\t\t\t\t<\/div>\n\t\t\t\t<div class=\"elementor-element elementor-element-64bfb5c categoria_culinaria_descricao elementor-widget elementor-widget-text-editor\" data-id=\"64bfb5c\" data-element_type=\"widget\" data-widget_type=\"text-editor.default\">\n\t\t\t\t<div class=\"elementor-widget-container\">\n\t\t\t\t\t\t\t\t\t<p>Aprenda a criar acompanhamentos que transformam uma refei\u00e7\u00e3o simples em um banquete. Saladas, arrozes e legumes saem da monotonia para se tornarem estrelas da sua mesa.<\/p>\t\t\t\t\t\t\t\t<\/div>\n\t\t\t\t<\/div>\n\t\t\t\t<div class=\"elementor-element elementor-element-af24927 categoria_culinaria_ler_mais elementor-widget elementor-widget-heading\" data-id=\"af24927\" data-element_type=\"widget\" data-widget_type=\"heading.default\">\n\t\t\t\t<div class=\"elementor-widget-container\">\n\t\t\t\t\t<h4 class=\"elementor-heading-title elementor-size-default\"><a href=\"https:\/\/mestredasreceitas.com\/ptbr\/categorias\/acompanhamentos-descomplicados\/\">Conhe\u00e7a as Melhores Receitas de Acompanhamentos Descomplicados\u200b<\/a><\/h4>\t\t\t\t<\/div>\n\t\t\t\t<\/div>\n\t\t\t\t\t<\/div>\n\t\t<\/div>\n\t\t\t\t\t<\/div>\n\t\t<\/section>\n\t\t\t\t<section class=\"elementor-section elementor-top-section elementor-element elementor-element-701fa75 elementor-section-boxed elementor-section-height-default elementor-section-height-default\" data-id=\"701fa75\" data-element_type=\"section\">\n\t\t\t\t\t\t<div class=\"elementor-container elementor-column-gap-default\">\n\t\t\t\t\t<div class=\"elementor-column elementor-col-33 elementor-top-column elementor-element elementor-element-0510db3\" data-id=\"0510db3\" data-element_type=\"column\">\n\t\t\t<div class=\"elementor-widget-wrap elementor-element-populated\">\n\t\t\t\t\t\t<div class=\"elementor-element elementor-element-4437d06 elementor-widget elementor-widget-image\" data-id=\"4437d06\" data-element_type=\"widget\" data-widget_type=\"image.default\">\n\t\t\t\t<div class=\"elementor-widget-container\">\n\t\t\t\t\t\t\t\t\t\t\t\t\t\t\t<img decoding=\"async\" src=\"https:\/\/mestredasreceitas.com\/ptbr\/wp-content\/uploads\/2024\/03\/Mestre-das-Receitas-Receitas-Faceis-e-Rapidas-Sobremesas-em-um-Piscar-de-Olhos.jpg\" class=\"attachment-full size-full wp-image-4484\" alt=\"Quem disse que sobremesas deliciosas requerem horas de preparo? Aqui, voc\u00ea encontrar\u00e1 op\u00e7\u00f5es doces que combinam simplicidade e sofistica\u00e7\u00e3o, perfeitas para fechar qualquer refei\u00e7\u00e3o com chave de ouro.\" title=\"\">\t\t\t\t\t\t\t\t\t\t\t\t\t\t\t<\/div>\n\t\t\t\t<\/div>\n\t\t\t\t\t<\/div>\n\t\t<\/div>\n\t\t\t\t<div class=\"elementor-column elementor-col-66 elementor-top-column elementor-element elementor-element-503c822\" data-id=\"503c822\" data-element_type=\"column\">\n\t\t\t<div class=\"elementor-widget-wrap elementor-element-populated\">\n\t\t\t\t\t\t<div class=\"elementor-element elementor-element-9b53631 categoria_culinaria_titulo elementor-widget elementor-widget-heading\" data-id=\"9b53631\" data-element_type=\"widget\" data-widget_type=\"heading.default\">\n\t\t\t\t<div class=\"elementor-widget-container\">\n\t\t\t\t\t<h3 class=\"elementor-heading-title elementor-size-default\"><a href=\"https:\/\/mestredasreceitas.com\/ptbr\/categorias\/sobremesas-em-um-piscar-de-olhos\/\">Sobremesas em um Piscar de Olhos<\/a><\/h3>\t\t\t\t<\/div>\n\t\t\t\t<\/div>\n\t\t\t\t<div class=\"elementor-element elementor-element-42a7111 categoria_culinaria_descricao elementor-widget elementor-widget-text-editor\" data-id=\"42a7111\" data-element_type=\"widget\" data-widget_type=\"text-editor.default\">\n\t\t\t\t<div class=\"elementor-widget-container\">\n\t\t\t\t\t\t\t\t\t<p>Quem disse que sobremesas deliciosas requerem horas de preparo? Aqui, voc\u00ea encontrar\u00e1 op\u00e7\u00f5es doces que combinam simplicidade e sofistica\u00e7\u00e3o, perfeitas para fechar qualquer refei\u00e7\u00e3o com chave de ouro.<\/p>\t\t\t\t\t\t\t\t<\/div>\n\t\t\t\t<\/div>\n\t\t\t\t<div class=\"elementor-element elementor-element-a51f8bf categoria_culinaria_ler_mais elementor-widget elementor-widget-heading\" data-id=\"a51f8bf\" data-element_type=\"widget\" data-widget_type=\"heading.default\">\n\t\t\t\t<div class=\"elementor-widget-container\">\n\t\t\t\t\t<h4 class=\"elementor-heading-title elementor-size-default\"><a href=\"https:\/\/mestredasreceitas.com\/ptbr\/categorias\/sobremesas-em-um-piscar-de-olhos\/\">Conhe\u00e7a as Melhores Receitas de Sobremesas em um Piscar de Olhos<\/a><\/h4>\t\t\t\t<\/div>\n\t\t\t\t<\/div>\n\t\t\t\t\t<\/div>\n\t\t<\/div>\n\t\t\t\t\t<\/div>\n\t\t<\/section>\n\t\t\t\t<section class=\"elementor-section elementor-top-section elementor-element elementor-element-76604ad elementor-section-boxed elementor-section-height-default elementor-section-height-default\" data-id=\"76604ad\" data-element_type=\"section\">\n\t\t\t\t\t\t<div class=\"elementor-container elementor-column-gap-default\">\n\t\t\t\t\t<div class=\"elementor-column elementor-col-33 elementor-top-column elementor-element elementor-element-65d5aa3\" data-id=\"65d5aa3\" data-element_type=\"column\">\n\t\t\t<div class=\"elementor-widget-wrap elementor-element-populated\">\n\t\t\t\t\t\t<div class=\"elementor-element elementor-element-eefa2df elementor-widget elementor-widget-image\" data-id=\"eefa2df\" data-element_type=\"widget\" data-widget_type=\"image.default\">\n\t\t\t\t<div class=\"elementor-widget-container\">\n\t\t\t\t\t\t\t\t\t\t\t\t\t\t\t<img decoding=\"async\" src=\"https:\/\/mestredasreceitas.com\/ptbr\/wp-content\/uploads\/2024\/03\/Mestre-das-Receitas-Receitas-Faceis-e-Rapidas-Lanches-Rapidos-e-Saudaveis.jpg\" class=\"attachment-full size-full wp-image-4485\" alt=\"Para aqueles momentos entre as refei\u00e7\u00f5es ou para um lanche r\u00e1pido antes do treino, essa se\u00e7\u00e3o oferece op\u00e7\u00f5es nutritivas e cheias de sabor, que ficam prontas em instantes.\" title=\"\">\t\t\t\t\t\t\t\t\t\t\t\t\t\t\t<\/div>\n\t\t\t\t<\/div>\n\t\t\t\t\t<\/div>\n\t\t<\/div>\n\t\t\t\t<div class=\"elementor-column elementor-col-66 elementor-top-column elementor-element elementor-element-4dbebb8\" data-id=\"4dbebb8\" data-element_type=\"column\">\n\t\t\t<div class=\"elementor-widget-wrap elementor-element-populated\">\n\t\t\t\t\t\t<div class=\"elementor-element elementor-element-b7971c2 categoria_culinaria_titulo elementor-widget elementor-widget-heading\" data-id=\"b7971c2\" data-element_type=\"widget\" data-widget_type=\"heading.default\">\n\t\t\t\t<div class=\"elementor-widget-container\">\n\t\t\t\t\t<h3 class=\"elementor-heading-title elementor-size-default\"><a href=\"https:\/\/mestredasreceitas.com\/ptbr\/categorias\/lanches-rapidos-e-saudaveis\/\">Lanches R\u00e1pidos e Saud\u00e1veis<\/a><\/h3>\t\t\t\t<\/div>\n\t\t\t\t<\/div>\n\t\t\t\t<div class=\"elementor-element elementor-element-c36e7c7 categoria_culinaria_descricao elementor-widget elementor-widget-text-editor\" data-id=\"c36e7c7\" data-element_type=\"widget\" data-widget_type=\"text-editor.default\">\n\t\t\t\t<div class=\"elementor-widget-container\">\n\t\t\t\t\t\t\t\t\t<p>Para aqueles momentos entre as refei\u00e7\u00f5es ou para um lanche r\u00e1pido antes do treino, essa se\u00e7\u00e3o oferece op\u00e7\u00f5es nutritivas e cheias de sabor, que ficam prontas em instantes.<\/p>\t\t\t\t\t\t\t\t<\/div>\n\t\t\t\t<\/div>\n\t\t\t\t<div class=\"elementor-element elementor-element-013ea0c categoria_culinaria_ler_mais elementor-widget elementor-widget-heading\" data-id=\"013ea0c\" data-element_type=\"widget\" data-widget_type=\"heading.default\">\n\t\t\t\t<div class=\"elementor-widget-container\">\n\t\t\t\t\t<h4 class=\"elementor-heading-title elementor-size-default\"><a href=\"https:\/\/mestredasreceitas.com\/ptbr\/categorias\/lanches-rapidos-e-saudaveis\/\">Conhe\u00e7a as Melhores Receitas de Lanches R\u00e1pidos e Saud\u00e1veis<\/a><\/h4>\t\t\t\t<\/div>\n\t\t\t\t<\/div>\n\t\t\t\t\t<\/div>\n\t\t<\/div>\n\t\t\t\t\t<\/div>\n\t\t<\/section>\n\t\t\t\t<section class=\"elementor-section elementor-top-section elementor-element elementor-element-9269254 elementor-section-boxed elementor-section-height-default elementor-section-height-default\" data-id=\"9269254\" data-element_type=\"section\">\n\t\t\t\t\t\t<div class=\"elementor-container elementor-column-gap-default\">\n\t\t\t\t\t<div class=\"elementor-column elementor-col-33 elementor-top-column elementor-element elementor-element-747e83f\" data-id=\"747e83f\" data-element_type=\"column\">\n\t\t\t<div class=\"elementor-widget-wrap elementor-element-populated\">\n\t\t\t\t\t\t<div class=\"elementor-element elementor-element-5c481b7 elementor-widget elementor-widget-image\" data-id=\"5c481b7\" data-element_type=\"widget\" data-widget_type=\"image.default\">\n\t\t\t\t<div class=\"elementor-widget-container\">\n\t\t\t\t\t\t\t\t\t\t\t\t\t\t\t<img decoding=\"async\" src=\"https:\/\/mestredasreceitas.com\/ptbr\/wp-content\/uploads\/2024\/03\/Mestre-das-Receitas-Receitas-Faceis-e-Rapidas-Bebidas-e-Smoothies.jpg\" class=\"attachment-full size-full wp-image-4486\" alt=\"Complete sua experi\u00eancia gastron\u00f4mica com bebidas refrescantes e smoothies nutritivos, ideais para hidratar e energizar o seu dia, tudo com prepara\u00e7\u00f5es r\u00e1pidas e ingredientes f\u00e1ceis de encontrar.\" title=\"\">\t\t\t\t\t\t\t\t\t\t\t\t\t\t\t<\/div>\n\t\t\t\t<\/div>\n\t\t\t\t\t<\/div>\n\t\t<\/div>\n\t\t\t\t<div class=\"elementor-column elementor-col-66 elementor-top-column elementor-element elementor-element-9d73c56\" data-id=\"9d73c56\" data-element_type=\"column\">\n\t\t\t<div class=\"elementor-widget-wrap elementor-element-populated\">\n\t\t\t\t\t\t<div class=\"elementor-element elementor-element-cd81e81 categoria_culinaria_titulo elementor-widget elementor-widget-heading\" data-id=\"cd81e81\" data-element_type=\"widget\" data-widget_type=\"heading.default\">\n\t\t\t\t<div class=\"elementor-widget-container\">\n\t\t\t\t\t<h3 class=\"elementor-heading-title elementor-size-default\"><a href=\"https:\/\/mestredasreceitas.com\/ptbr\/categorias\/bebidas-e-smoothies\/\">Bebidas e Smoothies<\/a><\/h3>\t\t\t\t<\/div>\n\t\t\t\t<\/div>\n\t\t\t\t<div class=\"elementor-element elementor-element-d26f690 categoria_culinaria_descricao elementor-widget elementor-widget-text-editor\" data-id=\"d26f690\" data-element_type=\"widget\" data-widget_type=\"text-editor.default\">\n\t\t\t\t<div class=\"elementor-widget-container\">\n\t\t\t\t\t\t\t\t\t<p>Complete sua experi\u00eancia gastron\u00f4mica com bebidas refrescantes e smoothies nutritivos, ideais para hidratar e energizar o seu dia, tudo com prepara\u00e7\u00f5es r\u00e1pidas e ingredientes f\u00e1ceis de encontrar.<\/p>\t\t\t\t\t\t\t\t<\/div>\n\t\t\t\t<\/div>\n\t\t\t\t<div class=\"elementor-element elementor-element-6ee1263 categoria_culinaria_ler_mais elementor-widget elementor-widget-heading\" data-id=\"6ee1263\" data-element_type=\"widget\" data-widget_type=\"heading.default\">\n\t\t\t\t<div class=\"elementor-widget-container\">\n\t\t\t\t\t<h4 class=\"elementor-heading-title elementor-size-default\"><a href=\"https:\/\/mestredasreceitas.com\/ptbr\/categorias\/bebidas-e-smoothies\/\">Conhe\u00e7a as Melhores Receitas de Bebidas e Smoothies<\/a><\/h4>\t\t\t\t<\/div>\n\t\t\t\t<\/div>\n\t\t\t\t\t<\/div>\n\t\t<\/div>\n\t\t\t\t\t<\/div>\n\t\t<\/section>\n\t\t\t\t<\/div>\n\t\t","protected":false},"excerpt":{"rendered":"<p>Pratos Principais em Minutos Descubra pratos principais, que s\u00e3o a defini\u00e7\u00e3o de efici\u00eancia na cozinha. Desde uma cl\u00e1ssica pasta at\u00e9 inova\u00e7\u00f5es com ingredientes locais, essas Receitas F\u00e1ceis e R\u00e1pidas, s\u00e3o ideais para um jantar surpresa ou para aqueles dias corridos. Conhe\u00e7a as Melhores Receitas de Pratos Principais em Minutos Acompanhamentos Descomplicados Aprenda a criar acompanhamentos [&hellip;]<\/p>\n","protected":false},"author":1,"featured_media":0,"parent":0,"menu_order":0,"comment_status":"closed","ping_status":"closed","template":"elementor_canvas","meta":{"ocean_post_layout":"full-screen","ocean_both_sidebars_style":"","ocean_both_sidebars_content_width":0,"ocean_both_sidebars_sidebars_width":0,"ocean_sidebar":"0","ocean_second_sidebar":"0","ocean_disable_margins":"enable","ocean_add_body_class":"","ocean_shortcode_before_top_bar":"","ocean_shortcode_after_top_bar":"","ocean_shortcode_before_header":"","ocean_shortcode_after_header":"","ocean_has_shortcode":"","ocean_shortcode_after_title":"","ocean_shortcode_before_footer_widgets":"","ocean_shortcode_after_footer_widgets":"","ocean_shortcode_before_footer_bottom":"","ocean_shortcode_after_footer_bottom":"","ocean_display_top_bar":"default","ocean_display_header":"default","ocean_header_style":"","ocean_center_header_left_menu":"0","ocean_custom_header_template":"0","ocean_custom_logo":0,"ocean_custom_retina_logo":0,"ocean_custom_logo_max_width":0,"ocean_custom_logo_tablet_max_width":0,"ocean_custom_logo_mobile_max_width":0,"ocean_custom_logo_max_height":0,"ocean_custom_logo_tablet_max_height":0,"ocean_custom_logo_mobile_max_height":0,"ocean_header_custom_menu":"0","ocean_menu_typo_font_family":"0","ocean_menu_typo_font_subset":"","ocean_menu_typo_font_size":0,"ocean_menu_typo_font_size_tablet":0,"ocean_menu_typo_font_size_mobile":0,"ocean_menu_typo_font_size_unit":"px","ocean_menu_typo_font_weight":"","ocean_menu_typo_font_weight_tablet":"","ocean_menu_typo_font_weight_mobile":"","ocean_menu_typo_transform":"","ocean_menu_typo_transform_tablet":"","ocean_menu_typo_transform_mobile":"","ocean_menu_typo_line_height":0,"ocean_menu_typo_line_height_tablet":0,"ocean_menu_typo_line_height_mobile":0,"ocean_menu_typo_line_height_unit":"","ocean_menu_typo_spacing":0,"ocean_menu_typo_spacing_tablet":0,"ocean_menu_typo_spacing_mobile":0,"ocean_menu_typo_spacing_unit":"","ocean_menu_link_color":"","ocean_menu_link_color_hover":"","ocean_menu_link_color_active":"","ocean_menu_link_background":"","ocean_menu_link_hover_background":"","ocean_menu_link_active_background":"","ocean_menu_social_links_bg":"","ocean_menu_social_hover_links_bg":"","ocean_menu_social_links_color":"","ocean_menu_social_hover_links_color":"","ocean_disable_title":"default","ocean_disable_heading":"default","ocean_post_title":"","ocean_post_subheading":"","ocean_post_title_style":"","ocean_post_title_background_color":"","ocean_post_title_background":0,"ocean_post_title_bg_image_position":"","ocean_post_title_bg_image_attachment":"","ocean_post_title_bg_image_repeat":"","ocean_post_title_bg_image_size":"","ocean_post_title_height":0,"ocean_post_title_bg_overlay":0.5,"ocean_post_title_bg_overlay_color":"","ocean_disable_breadcrumbs":"default","ocean_breadcrumbs_color":"","ocean_breadcrumbs_separator_color":"","ocean_breadcrumbs_links_color":"","ocean_breadcrumbs_links_hover_color":"","ocean_display_footer_widgets":"default","ocean_display_footer_bottom":"default","ocean_custom_footer_template":"0","footnotes":"","_links_to":"","_links_to_target":""},"class_list":["post-4478","page","type-page","status-publish","hentry","entry"],"_links":{"self":[{"href":"https:\/\/mestredasreceitas.com\/ptbr\/wp-json\/wp\/v2\/pages\/4478","targetHints":{"allow":["GET"]}}],"collection":[{"href":"https:\/\/mestredasreceitas.com\/ptbr\/wp-json\/wp\/v2\/pages"}],"about":[{"href":"https:\/\/mestredasreceitas.com\/ptbr\/wp-json\/wp\/v2\/types\/page"}],"author":[{"embeddable":true,"href":"https:\/\/mestredasreceitas.com\/ptbr\/wp-json\/wp\/v2\/users\/1"}],"replies":[{"embeddable":true,"href":"https:\/\/mestredasreceitas.com\/ptbr\/wp-json\/wp\/v2\/comments?post=4478"}],"version-history":[{"count":0,"href":"https:\/\/mestredasreceitas.com\/ptbr\/wp-json\/wp\/v2\/pages\/4478\/revisions"}],"wp:attachment":[{"href":"https:\/\/mestredasreceitas.com\/ptbr\/wp-json\/wp\/v2\/media?parent=4478"}],"curies":[{"name":"wp","href":"https:\/\/api.w.org\/{rel}","templated":true}]}}